{"id":11173,"date":"2021-04-15T03:44:43","date_gmt":"2021-04-15T03:44:43","guid":{"rendered":"http:\/\/technosoftautomotive.com\/de-de\/?page_id=11173"},"modified":"2024-03-25T07:06:26","modified_gmt":"2024-03-25T07:06:26","slug":"sitemap","status":"publish","type":"page","link":"http:\/\/technosoftautomotive.com\/de-de\/sitemap","title":{"rendered":"Sitemap"},"content":{"rendered":"\t\t<div data-elementor-type=\"wp-page\" data-elementor-id=\"11173\" class=\"elementor elementor-11173\" data-elementor-settings=\"[]\">\n\t\t\t\t\t\t\t<div class=\"elementor-section-wrap\">\n\t\t\t\t\t\t\t<section class=\"elementor-section elementor-top-section elementor-element elementor-element-8997675 elementor-section-boxed elementor-section-height-default elementor-section-height-default\" data-id=\"8997675\" data-element_type=\"section\">\n\t\t\t\t\t\t<div class=\"elementor-container elementor-column-gap-default\">\n\t\t\t\t\t<div class=\"elementor-column elementor-col-100 elementor-top-column elementor-element elementor-element-55022e26\" data-id=\"55022e26\" data-element_type=\"column\">\n\t\t\t<div class=\"elementor-widget-wrap elementor-element-populated\">\n\t\t\t\t\t\t\t\t<div class=\"elementor-element elementor-element-fecefbd elementor-widget elementor-widget-heading\" data-id=\"fecefbd\" data-element_type=\"widget\" data-widget_type=\"heading.default\">\n\t\t\t\t<div class=\"elementor-widget-container\">\n\t\t\t<div class=\"elementor-heading-title elementor-size-default\">Inhalt<\/div>\t\t<\/div>\n\t\t\t\t<\/div>\n\t\t\t\t<div class=\"elementor-element elementor-element-c2822ce elementor-widget elementor-widget-html\" data-id=\"c2822ce\" data-element_type=\"widget\" data-widget_type=\"html.default\">\n\t\t\t\t<div class=\"elementor-widget-container\">\n\t\t\t<div class=\"grd-cstm\"><\/div>\t\t<\/div>\n\t\t\t\t<\/div>\n\t\t\t\t\t<\/div>\n\t\t<\/div>\n\t\t\t\t\t\t\t<\/div>\n\t\t<\/section>\n\t\t\t\t<section class=\"elementor-section elementor-top-section elementor-element elementor-element-5779eeb elementor-section-boxed elementor-section-height-default elementor-section-height-default\" data-id=\"5779eeb\" data-element_type=\"section\">\n\t\t\t\t\t\t<div class=\"elementor-container elementor-column-gap-default\">\n\t\t\t\t\t<div class=\"elementor-column elementor-col-50 elementor-top-column elementor-element elementor-element-f2376b3\" data-id=\"f2376b3\" data-element_type=\"column\">\n\t\t\t<div class=\"elementor-widget-wrap elementor-element-populated\">\n\t\t\t\t\t\t\t\t<div class=\"elementor-element elementor-element-ecd94c3 elementor-widget elementor-widget-text-editor\" data-id=\"ecd94c3\" data-element_type=\"widget\" data-widget_type=\"text-editor.default\">\n\t\t\t\t<div class=\"elementor-widget-container\">\n\t\t\t\t\t\t\t<a href=\"https:\/\/technosoftautomotive.com\/de-de\/about-us\/\">\u00dcber uns<\/a>\n<ul>\n \t<li class=\"cat-item cat-item-15\"><a href=\"https:\/\/technosoftautomotive.com\/de-de\/global-leadership-team\/\">Management<\/a><\/li>\n \t<li class=\"cat-item cat-item-122\"><a href=\"https:\/\/technosoftautomotive.com\/de-de\/microsoft-partner\/\">Microsoft-Partnerschaft<\/a><\/li>\n<\/ul>\t\t\t\t\t\t<\/div>\n\t\t\t\t<\/div>\n\t\t\t\t<div class=\"elementor-element elementor-element-81bce4b elementor-widget elementor-widget-text-editor\" data-id=\"81bce4b\" data-element_type=\"widget\" data-widget_type=\"text-editor.default\">\n\t\t\t\t<div class=\"elementor-widget-container\">\n\t\t\t\t\t\t\t<a href=\"https:\/\/technosoftautomotive.com\/de-de\/services\/\">Service<\/a>\t\t\t\t\t\t<\/div>\n\t\t\t\t<\/div>\n\t\t\t\t<div class=\"elementor-element elementor-element-ea0c571 elementor-widget elementor-widget-text-editor\" data-id=\"ea0c571\" data-element_type=\"widget\" data-widget_type=\"text-editor.default\">\n\t\t\t\t<div class=\"elementor-widget-container\">\n\t\t\t\t\t\t\t<a href=\"https:\/\/technosoftautomotive.com\/de-de\/yana-automotive-solution\/\">Module<\/a>\n<ul>\n \t<li class=\"cat-item cat-item-15\"><a href=\"https:\/\/technosoftautomotive.com\/de-de\/modules\/yana-new-vehicle\/\">Yana New Vehicle<\/a><\/li>\n \t<li class=\"cat-item cat-item-122\"><a href=\"https:\/\/technosoftautomotive.com\/de-de\/modules\/yana-used-vehicle\/\">Yana Used Vehicle<\/a><\/li>\n \t<li class=\"cat-item cat-item-122\"><a href=\"https:\/\/technosoftautomotive.com\/de-de\/modules\/yana-after-sales-service\/\">Yana After-Sales Service<\/a><\/li>\n \t<li class=\"cat-item cat-item-122\"><a href=\"https:\/\/technosoftautomotive.com\/de-de\/modules\/yana-customer-service\/\">Yana Customer Service<\/a><\/li>\n \t<li class=\"cat-item cat-item-122\"><a href=\"https:\/\/technosoftautomotive.com\/de-de\/modules\/yana-marketing\/\">Yana Marketing<\/a><\/li>\n \t<li class=\"cat-item cat-item-122\"><a href=\"https:\/\/technosoftautomotive.com\/de-de\/modules\/yana-mysales\/\">Yana MySales<\/a><\/li>\n \t<li class=\"cat-item cat-item-122\"><a class=\"row-title\" href=\"https:\/\/technosoftautomotive.com\/de-de\/modules\/yana-myvehicle\" aria-label=\"\u201cYana MyVehicle\u201d (Edit)\">Yana MyVehicle<\/a><\/li>\n \t<li class=\"cat-item cat-item-122\"><a href=\"https:\/\/technosoftautomotive.com\/de-de\/modules\/yana-myinspection\/\">Yana MyInspection<\/a><\/li>\n \t<li class=\"cat-item cat-item-122\"><a href=\"https:\/\/technosoftautomotive.com\/de-de\/modules\/yana-bot-rpa\/\">Yana Bot &amp; RPA<\/a><\/li>\n \t<li><a href=\"https:\/\/technosoftautomotive.com\/de-de\/modules\/yana-e-commerce\">Yana E-Commerce<\/a><\/li>\n<\/ul>\t\t\t\t\t\t<\/div>\n\t\t\t\t<\/div>\n\t\t\t\t\t<\/div>\n\t\t<\/div>\n\t\t\t\t<div class=\"elementor-column elementor-col-50 elementor-top-column elementor-element elementor-element-bacbc1f\" data-id=\"bacbc1f\" data-element_type=\"column\">\n\t\t\t<div class=\"elementor-widget-wrap elementor-element-populated\">\n\t\t\t\t\t\t\t\t<div class=\"elementor-element elementor-element-03064bd elementor-widget elementor-widget-text-editor\" data-id=\"03064bd\" data-element_type=\"widget\" data-widget_type=\"text-editor.default\">\n\t\t\t\t<div class=\"elementor-widget-container\">\n\t\t\t\t\t\t\t<a href=\"https:\/\/technosoftautomotive.com\/de-de\/customer-success\/\">Kundenstimmen<\/a>\n<ul>\n \t<li class=\"cat-item cat-item-15\"><a href=\"https:\/\/technosoftautomotive.com\/de-de\/automotive-case-studies\/\">Fallstudien aus der Automobilbranche<\/a><\/li>\n<\/ul>\t\t\t\t\t\t<\/div>\n\t\t\t\t<\/div>\n\t\t\t\t<div class=\"elementor-element elementor-element-b0dd2cb elementor-widget elementor-widget-text-editor\" data-id=\"b0dd2cb\" data-element_type=\"widget\" data-widget_type=\"text-editor.default\">\n\t\t\t\t<div class=\"elementor-widget-container\">\n\t\t\t\t\t\t\t<p><a href=\"https:\/\/technosoftautomotive.com\/de-de\/automotive-blog\">Blog<\/a><\/p>\t\t\t\t\t\t<\/div>\n\t\t\t\t<\/div>\n\t\t\t\t<div class=\"elementor-element elementor-element-1641c5d elementor-widget elementor-widget-text-editor\" data-id=\"1641c5d\" data-element_type=\"widget\" data-widget_type=\"text-editor.default\">\n\t\t\t\t<div class=\"elementor-widget-container\">\n\t\t\t\t\t\t\t<p><a href=\"https:\/\/technosoftautomotive.com\/de-de\/contact-us-automotive-demo\/\">Kontaktieren Sie uns<\/a><\/p><ul><li><a href=\"https:\/\/technosoftautomotive.com\/global-automotive-careers\" target=\"_blank\" rel=\"noopener\">Karriere<\/a><\/li><\/ul>\t\t\t\t\t\t<\/div>\n\t\t\t\t<\/div>\n\t\t\t\t<div class=\"elementor-element elementor-element-dc5a31f elementor-widget elementor-widget-text-editor\" data-id=\"dc5a31f\" data-element_type=\"widget\" data-widget_type=\"text-editor.default\">\n\t\t\t\t<div class=\"elementor-widget-container\">\n\t\t\t\t\t\t\t<p><a href=\"https:\/\/technosoftautomotive.com\/privacy-policy\/\" target=\"_blank\" rel=\"noopener\">Datenschutzrichtlinie<\/a><\/p>\t\t\t\t\t\t<\/div>\n\t\t\t\t<\/div>\n\t\t\t\t\t<\/div>\n\t\t<\/div>\n\t\t\t\t\t\t\t<\/div>\n\t\t<\/section>\n\t\t\t\t<section class=\"elementor-section elementor-top-section elementor-element elementor-element-b63bd48 elementor-section-boxed elementor-section-height-default elementor-section-height-default\" data-id=\"b63bd48\" data-element_type=\"section\">\n\t\t\t\t\t\t<div class=\"elementor-container elementor-column-gap-default\">\n\t\t\t\t\t<div class=\"elementor-column elementor-col-100 elementor-top-column elementor-element elementor-element-908b793\" data-id=\"908b793\" data-element_type=\"column\">\n\t\t\t<div class=\"elementor-widget-wrap elementor-element-populated\">\n\t\t\t\t\t\t\t\t<div class=\"elementor-element elementor-element-96e8ce1 elementor-widget elementor-widget-spacer\" data-id=\"96e8ce1\" data-element_type=\"widget\" data-widget_type=\"spacer.default\">\n\t\t\t\t<div class=\"elementor-widget-container\">\n\t\t\t\t\t<div class=\"elementor-spacer\">\n\t\t\t<div class=\"elementor-spacer-inner\"><\/div>\n\t\t<\/div>\n\t\t\t\t<\/div>\n\t\t\t\t<\/div>\n\t\t\t\t\t<\/div>\n\t\t<\/div>\n\t\t\t\t\t\t\t<\/div>\n\t\t<\/section>\n\t\t\t\t\t\t<\/div>\n\t\t\t\t\t<\/div>\n\t\t","protected":false},"excerpt":{"rendered":"<p>Inhalt \u00dcber uns Management Microsoft-Partnerschaft ServiceModule Yana New Vehicle Yana Used Vehicle Yana After-Sales Service Yana Customer Service Yana Marketing Yana MySales Yana MyVehicle Yana MyInspection Yana Bot &amp; RPA Yana E-Commerce Kundenstimmen Fallstudien aus der Automobilbranche Blog Kontaktieren Sie uns Karriere Datenschutzrichtlinie<\/p>\n","protected":false},"author":1,"featured_media":0,"parent":0,"menu_order":0,"comment_status":"closed","ping_status":"closed","template":"","meta":[],"yoast_head":"<!-- This site is optimized with the Yoast SEO plugin v17.7.1 - https:\/\/yoast.com\/wordpress\/plugins\/seo\/ -->\n<title>Sitemap | Yana Automotive-L\u00f6sung | Technosoft Automotive<\/title>\n<meta name=\"description\" content=\"Yana unterst\u00fctzt Automobilunternehmen dabei, die Kundenerwartungen zu \u00fcbertreffen. Ergreifen Sie noch heute die Initiative und werden Sie der proaktiviste H\u00e4ndler! Weitere Informationen.\" \/>\n<meta name=\"robots\" content=\"index, follow, max-snippet:-1, max-image-preview:large, max-video-preview:-1\" \/>\n<link rel=\"canonical\" href=\"http:\/\/technosoftautomotive.com\/de-de\/sitemap\" \/>\n<meta property=\"og:locale\" content=\"de_DE\" \/>\n<meta property=\"og:type\" content=\"article\" \/>\n<meta property=\"og:title\" content=\"Sitemap | Yana Automotive-L\u00f6sung | Technosoft Automotive\" \/>\n<meta property=\"og:description\" content=\"Yana unterst\u00fctzt Automobilunternehmen dabei, die Kundenerwartungen zu \u00fcbertreffen. Ergreifen Sie noch heute die Initiative und werden Sie der proaktiviste H\u00e4ndler! Weitere Informationen.\" \/>\n<meta property=\"og:url\" content=\"http:\/\/technosoftautomotive.com\/de-de\/sitemap\" \/>\n<meta property=\"og:site_name\" content=\"Jenseits von Dealer-Management-Systemen | Technosoft Automotive\" \/>\n<meta property=\"article:publisher\" content=\"https:\/\/www.facebook.com\/technosoftdms\" \/>\n<meta property=\"article:modified_time\" content=\"2024-03-25T07:06:26+00:00\" \/>\n<meta name=\"twitter:card\" content=\"summary_large_image\" \/>\n<meta name=\"twitter:label1\" content=\"Est. reading time\" \/>\n\t<meta name=\"twitter:data1\" content=\"1 minute\" \/>\n<script type=\"application\/ld+json\" class=\"yoast-schema-graph\">{\"@context\":\"https:\/\/schema.org\",\"@graph\":[{\"@type\":\"WebSite\",\"@id\":\"https:\/\/technosoftautomotive.com\/de-de\/#website\",\"url\":\"https:\/\/technosoftautomotive.com\/de-de\/\",\"name\":\"Jenseits von Dealer-Management-Systemen | Technosoft Automotive\",\"description\":\"Wir schreiten &uuml;ber die H&auml;ndlerverwaltungssysteme hinaus voran, indem wir die Funktionen der Yana Automotive Solution um zehn Erfolgsmodule eweitern\",\"potentialAction\":[{\"@type\":\"SearchAction\",\"target\":{\"@type\":\"EntryPoint\",\"urlTemplate\":\"https:\/\/technosoftautomotive.com\/de-de\/?s={search_term_string}\"},\"query-input\":\"required name=search_term_string\"}],\"inLanguage\":\"en\"},{\"@type\":\"WebPage\",\"@id\":\"http:\/\/technosoftautomotive.com\/de-de\/sitemap\/#webpage\",\"url\":\"http:\/\/technosoftautomotive.com\/de-de\/sitemap\/\",\"name\":\"Sitemap | Yana Automotive-L\\u00f6sung | Technosoft Automotive\",\"isPartOf\":{\"@id\":\"https:\/\/technosoftautomotive.com\/de-de\/#website\"},\"datePublished\":\"2021-04-15T03:44:43+00:00\",\"dateModified\":\"2024-03-25T07:06:26+00:00\",\"description\":\"Yana unterst\\u00fctzt Automobilunternehmen dabei, die Kundenerwartungen zu \\u00fcbertreffen. Ergreifen Sie noch heute die Initiative und werden Sie der proaktiviste H\\u00e4ndler! Weitere Informationen.\",\"breadcrumb\":{\"@id\":\"http:\/\/technosoftautomotive.com\/de-de\/sitemap\/#breadcrumb\"},\"inLanguage\":\"en\",\"potentialAction\":[{\"@type\":\"ReadAction\",\"target\":[\"http:\/\/technosoftautomotive.com\/de-de\/sitemap\/\"]}]},{\"@type\":\"BreadcrumbList\",\"@id\":\"http:\/\/technosoftautomotive.com\/de-de\/sitemap\/#breadcrumb\",\"itemListElement\":[{\"@type\":\"ListItem\",\"position\":1,\"name\":\"Home\",\"item\":\"https:\/\/technosoftautomotive.com\/de-de\/\"},{\"@type\":\"ListItem\",\"position\":2,\"name\":\"Sitemap\"}]}]}<\/script>\n<!-- \/ Yoast SEO plugin. -->","yoast_head_json":{"title":"Sitemap | Yana Automotive-L\u00f6sung | Technosoft Automotive","description":"Yana unterst\u00fctzt Automobilunternehmen dabei, die Kundenerwartungen zu \u00fcbertreffen. Ergreifen Sie noch heute die Initiative und werden Sie der proaktiviste H\u00e4ndler! Weitere Informationen.","robots":{"index":"index","follow":"follow","max-snippet":"max-snippet:-1","max-image-preview":"max-image-preview:large","max-video-preview":"max-video-preview:-1"},"canonical":"http:\/\/technosoftautomotive.com\/de-de\/sitemap","og_locale":"de_DE","og_type":"article","og_title":"Sitemap | Yana Automotive-L\u00f6sung | Technosoft Automotive","og_description":"Yana unterst\u00fctzt Automobilunternehmen dabei, die Kundenerwartungen zu \u00fcbertreffen. Ergreifen Sie noch heute die Initiative und werden Sie der proaktiviste H\u00e4ndler! Weitere Informationen.","og_url":"http:\/\/technosoftautomotive.com\/de-de\/sitemap","og_site_name":"Jenseits von Dealer-Management-Systemen | Technosoft Automotive","article_publisher":"https:\/\/www.facebook.com\/technosoftdms","article_modified_time":"2024-03-25T07:06:26+00:00","twitter_card":"summary_large_image","twitter_misc":{"Est. reading time":"1 minute"},"schema":{"@context":"https:\/\/schema.org","@graph":[{"@type":"WebSite","@id":"https:\/\/technosoftautomotive.com\/de-de\/#website","url":"https:\/\/technosoftautomotive.com\/de-de\/","name":"Jenseits von Dealer-Management-Systemen | Technosoft Automotive","description":"Wir schreiten &uuml;ber die H&auml;ndlerverwaltungssysteme hinaus voran, indem wir die Funktionen der Yana Automotive Solution um zehn Erfolgsmodule eweitern","potentialAction":[{"@type":"SearchAction","target":{"@type":"EntryPoint","urlTemplate":"https:\/\/technosoftautomotive.com\/de-de\/?s={search_term_string}"},"query-input":"required name=search_term_string"}],"inLanguage":"en"},{"@type":"WebPage","@id":"http:\/\/technosoftautomotive.com\/de-de\/sitemap\/#webpage","url":"http:\/\/technosoftautomotive.com\/de-de\/sitemap\/","name":"Sitemap | Yana Automotive-L\u00f6sung | Technosoft Automotive","isPartOf":{"@id":"https:\/\/technosoftautomotive.com\/de-de\/#website"},"datePublished":"2021-04-15T03:44:43+00:00","dateModified":"2024-03-25T07:06:26+00:00","description":"Yana unterst\u00fctzt Automobilunternehmen dabei, die Kundenerwartungen zu \u00fcbertreffen. Ergreifen Sie noch heute die Initiative und werden Sie der proaktiviste H\u00e4ndler! Weitere Informationen.","breadcrumb":{"@id":"http:\/\/technosoftautomotive.com\/de-de\/sitemap\/#breadcrumb"},"inLanguage":"en","potentialAction":[{"@type":"ReadAction","target":["http:\/\/technosoftautomotive.com\/de-de\/sitemap\/"]}]},{"@type":"BreadcrumbList","@id":"http:\/\/technosoftautomotive.com\/de-de\/sitemap\/#breadcrumb","itemListElement":[{"@type":"ListItem","position":1,"name":"Home","item":"https:\/\/technosoftautomotive.com\/de-de\/"},{"@type":"ListItem","position":2,"name":"Sitemap"}]}]}},"_links":{"self":[{"href":"https:\/\/technosoftautomotive.com\/de-de\/wp-json\/wp\/v2\/pages\/11173"}],"collection":[{"href":"https:\/\/technosoftautomotive.com\/de-de\/wp-json\/wp\/v2\/pages"}],"about":[{"href":"https:\/\/technosoftautomotive.com\/de-de\/wp-json\/wp\/v2\/types\/page"}],"author":[{"embeddable":true,"href":"https:\/\/technosoftautomotive.com\/de-de\/wp-json\/wp\/v2\/users\/1"}],"replies":[{"embeddable":true,"href":"https:\/\/technosoftautomotive.com\/de-de\/wp-json\/wp\/v2\/comments?post=11173"}],"version-history":[{"count":24,"href":"https:\/\/technosoftautomotive.com\/de-de\/wp-json\/wp\/v2\/pages\/11173\/revisions"}],"predecessor-version":[{"id":21297,"href":"https:\/\/technosoftautomotive.com\/de-de\/wp-json\/wp\/v2\/pages\/11173\/revisions\/21297"}],"wp:attachment":[{"href":"https:\/\/technosoftautomotive.com\/de-de\/wp-json\/wp\/v2\/media?parent=11173"}],"curies":[{"name":"wp","href":"https:\/\/api.w.org\/{rel}","templated":true}]}}