{"id":11173,"date":"2021-04-15T03:44:43","date_gmt":"2021-04-15T03:44:43","guid":{"rendered":"https:\/\/technosoftautomotive.com\/vi-vn\/?page_id=11173"},"modified":"2024-03-12T03:44:48","modified_gmt":"2024-03-12T03:44:48","slug":"sitemap","status":"publish","type":"page","link":"https:\/\/technosoftautomotive.com\/vi-vn\/sitemap","title":{"rendered":"Sitemap"},"content":{"rendered":"\t\t<div data-elementor-type=\"wp-page\" data-elementor-id=\"11173\" class=\"elementor elementor-11173\" data-elementor-settings=\"[]\">\n\t\t\t\t\t\t\t<div class=\"elementor-section-wrap\">\n\t\t\t\t\t\t\t<section class=\"elementor-section elementor-top-section elementor-element elementor-element-8997675 elementor-section-boxed elementor-section-height-default elementor-section-height-default\" data-id=\"8997675\" data-element_type=\"section\">\n\t\t\t\t\t\t<div class=\"elementor-container elementor-column-gap-default\">\n\t\t\t\t\t<div class=\"elementor-column elementor-col-100 elementor-top-column elementor-element elementor-element-55022e26\" data-id=\"55022e26\" data-element_type=\"column\">\n\t\t\t<div class=\"elementor-widget-wrap elementor-element-populated\">\n\t\t\t\t\t\t\t\t<div class=\"elementor-element elementor-element-fecefbd elementor-widget elementor-widget-heading\" data-id=\"fecefbd\" data-element_type=\"widget\" data-widget_type=\"heading.default\">\n\t\t\t\t<div class=\"elementor-widget-container\">\n\t\t\t<div class=\"elementor-heading-title elementor-size-default\">S\u01a1 \u0111\u1ed3 trang web\u200b<\/div>\t\t<\/div>\n\t\t\t\t<\/div>\n\t\t\t\t<div class=\"elementor-element elementor-element-c2822ce elementor-widget elementor-widget-html\" data-id=\"c2822ce\" data-element_type=\"widget\" data-widget_type=\"html.default\">\n\t\t\t\t<div class=\"elementor-widget-container\">\n\t\t\t<div class=\"grd-cstm\"><\/div>\t\t<\/div>\n\t\t\t\t<\/div>\n\t\t\t\t\t<\/div>\n\t\t<\/div>\n\t\t\t\t\t\t\t<\/div>\n\t\t<\/section>\n\t\t\t\t<section class=\"elementor-section elementor-top-section elementor-element elementor-element-5779eeb elementor-section-boxed elementor-section-height-default elementor-section-height-default\" data-id=\"5779eeb\" data-element_type=\"section\">\n\t\t\t\t\t\t<div class=\"elementor-container elementor-column-gap-default\">\n\t\t\t\t\t<div class=\"elementor-column elementor-col-50 elementor-top-column elementor-element elementor-element-f2376b3\" data-id=\"f2376b3\" data-element_type=\"column\">\n\t\t\t<div class=\"elementor-widget-wrap elementor-element-populated\">\n\t\t\t\t\t\t\t\t<div class=\"elementor-element elementor-element-ecd94c3 elementor-widget elementor-widget-text-editor\" data-id=\"ecd94c3\" data-element_type=\"widget\" data-widget_type=\"text-editor.default\">\n\t\t\t\t<div class=\"elementor-widget-container\">\n\t\t\t\t\t\t\t<a href=\"https:\/\/technosoftautomotive.com\/vi-vn\/about-us\/\">Gi\u1edbi thi\u1ec7u<\/a>\n<ul>\n \t<li class=\"cat-item cat-item-15\"><a href=\"https:\/\/technosoftautomotive.com\/vi-vn\/global-leadership-team\/\">\u0110\u1ed9i ng\u0169 l\u00e3nh\u00a0<\/a><\/li>\n \t<li class=\"cat-item cat-item-122\"><a href=\"https:\/\/technosoftautomotive.com\/vi-vn\/microsoft-partner\/\">H\u1ee3p t\u00e1c v\u1edbi Microsoft<\/a><\/li>\n<\/ul>\t\t\t\t\t\t<\/div>\n\t\t\t\t<\/div>\n\t\t\t\t<div class=\"elementor-element elementor-element-81bce4b elementor-widget elementor-widget-text-editor\" data-id=\"81bce4b\" data-element_type=\"widget\" data-widget_type=\"text-editor.default\">\n\t\t\t\t<div class=\"elementor-widget-container\">\n\t\t\t\t\t\t\t<a href=\"https:\/\/technosoftautomotive.com\/vi-vn\/services\/\">D\u1ecbch v\u1ee5<\/a>\t\t\t\t\t\t<\/div>\n\t\t\t\t<\/div>\n\t\t\t\t<div class=\"elementor-element elementor-element-ea0c571 elementor-widget elementor-widget-text-editor\" data-id=\"ea0c571\" data-element_type=\"widget\" data-widget_type=\"text-editor.default\">\n\t\t\t\t<div class=\"elementor-widget-container\">\n\t\t\t\t\t\t\t<a href=\"https:\/\/technosoftautomotive.com\/vi-vn\/yana-automotive-solution\/\">Ph\u00e2n h\u1ec7<\/a>\n<ul>\n \t<li class=\"cat-item cat-item-15\"><a href=\"https:\/\/technosoftautomotive.com\/vi-vn\/modules\/yana-new-vehicle\/\">Yana New Vehicle<\/a><\/li>\n \t<li class=\"cat-item cat-item-122\"><a href=\"https:\/\/technosoftautomotive.com\/vi-vn\/modules\/yana-used-vehicle\/\">Yana Used Vehicle<\/a><\/li>\n \t<li class=\"cat-item cat-item-122\"><a href=\"https:\/\/technosoftautomotive.com\/vi-vn\/modules\/yana-after-sales-service\/\">Yana After-Sales Service<\/a><\/li>\n \t<li class=\"cat-item cat-item-122\"><a href=\"https:\/\/technosoftautomotive.com\/vi-vn\/modules\/yana-customer-service\/\">Yana Customer Service<\/a><\/li>\n \t<li class=\"cat-item cat-item-122\"><a href=\"https:\/\/technosoftautomotive.com\/vi-vn\/modules\/yana-marketing\/\">Yana Marketing<\/a><\/li>\n \t<li class=\"cat-item cat-item-122\"><a href=\"https:\/\/technosoftautomotive.com\/vi-vn\/modules\/yana-mysales\/\">Yana MySales<\/a><\/li>\n \t<li class=\"cat-item cat-item-122\"><a class=\"row-title\" href=\"https:\/\/technosoftautomotive.com\/vi-vn\/modules\/yana-myvehicle\" aria-label=\"\u201cYana MyVehicle\u201d (Edit)\">Yana MyVehicle<\/a><\/li>\n \t<li class=\"cat-item cat-item-122\"><a href=\"https:\/\/technosoftautomotive.com\/vi-vn\/modules\/yana-myinspection\/\">Yana MyInspection<\/a><\/li>\n \t<li class=\"cat-item cat-item-122\"><a href=\"https:\/\/technosoftautomotive.com\/vi-vn\/modules\/yana-bot-rpa\/\">Yana Bot &amp; RPA<\/a><\/li>\n \t<li><a href=\"https:\/\/technosoftautomotive.com\/vi-vn\/modules\/yana-e-commerce\">Yana E-Commerce<\/a><\/li>\n<\/ul>\t\t\t\t\t\t<\/div>\n\t\t\t\t<\/div>\n\t\t\t\t\t<\/div>\n\t\t<\/div>\n\t\t\t\t<div class=\"elementor-column elementor-col-50 elementor-top-column elementor-element elementor-element-bacbc1f\" data-id=\"bacbc1f\" data-element_type=\"column\">\n\t\t\t<div class=\"elementor-widget-wrap elementor-element-populated\">\n\t\t\t\t\t\t\t\t<div class=\"elementor-element elementor-element-03064bd elementor-widget elementor-widget-text-editor\" data-id=\"03064bd\" data-element_type=\"widget\" data-widget_type=\"text-editor.default\">\n\t\t\t\t<div class=\"elementor-widget-container\">\n\t\t\t\t\t\t\t<a href=\"https:\/\/technosoftautomotive.com\/vi-vn\/customer-success\/\">Th\u00e0nh c\u00f4ng c\u1ee7a kh\u00e1ch h\u00e0ng<\/a>\n<ul>\n \t<li class=\"cat-item cat-item-15\"><a href=\"https:\/\/technosoftautomotive.com\/vi-vn\/automotive-case-studies\/\">Nghi\u00ean c\u1ee9u \u0111i\u1ec3n h\u00ecnh v\u1ec1 chuy\u00ean ng\u00e0nh \u00f4 t\u00f4<\/a><\/li>\n<\/ul>\t\t\t\t\t\t<\/div>\n\t\t\t\t<\/div>\n\t\t\t\t<div class=\"elementor-element elementor-element-1641c5d elementor-widget elementor-widget-text-editor\" data-id=\"1641c5d\" data-element_type=\"widget\" data-widget_type=\"text-editor.default\">\n\t\t\t\t<div class=\"elementor-widget-container\">\n\t\t\t\t\t\t\t<p><a href=\"https:\/\/technosoftautomotive.com\/vi-vn\/contact-us-automotive-demo\/\">Li\u00ean h\u1ec7 v\u1edbi ch\u00fang t\u00f4i<\/a><\/p><ul><li class=\"cat-item cat-item-15\"><a href=\"https:\/\/technosoftautomotive.com\/global-automotive-careers\" target=\"_blank\" rel=\"noopener\">Careers<\/a><\/li><\/ul>\t\t\t\t\t\t<\/div>\n\t\t\t\t<\/div>\n\t\t\t\t<div class=\"elementor-element elementor-element-dc5a31f elementor-widget elementor-widget-text-editor\" data-id=\"dc5a31f\" data-element_type=\"widget\" data-widget_type=\"text-editor.default\">\n\t\t\t\t<div class=\"elementor-widget-container\">\n\t\t\t\t\t\t\t<p><a href=\"https:\/\/technosoftautomotive.com\/privacy-policy\/\" target=\"_blank\" rel=\"noopener\">Ch\u00ednh s\u00e1ch quy\u1ec1n ri\u00eang t\u01b0<\/a><\/p>\t\t\t\t\t\t<\/div>\n\t\t\t\t<\/div>\n\t\t\t\t\t<\/div>\n\t\t<\/div>\n\t\t\t\t\t\t\t<\/div>\n\t\t<\/section>\n\t\t\t\t<section class=\"elementor-section elementor-top-section elementor-element elementor-element-b63bd48 elementor-section-boxed elementor-section-height-default elementor-section-height-default\" data-id=\"b63bd48\" data-element_type=\"section\">\n\t\t\t\t\t\t<div class=\"elementor-container elementor-column-gap-default\">\n\t\t\t\t\t<div class=\"elementor-column elementor-col-100 elementor-top-column elementor-element elementor-element-908b793\" data-id=\"908b793\" data-element_type=\"column\">\n\t\t\t<div class=\"elementor-widget-wrap elementor-element-populated\">\n\t\t\t\t\t\t\t\t<div class=\"elementor-element elementor-element-96e8ce1 elementor-widget elementor-widget-spacer\" data-id=\"96e8ce1\" data-element_type=\"widget\" data-widget_type=\"spacer.default\">\n\t\t\t\t<div class=\"elementor-widget-container\">\n\t\t\t\t\t<div class=\"elementor-spacer\">\n\t\t\t<div class=\"elementor-spacer-inner\"><\/div>\n\t\t<\/div>\n\t\t\t\t<\/div>\n\t\t\t\t<\/div>\n\t\t\t\t\t<\/div>\n\t\t<\/div>\n\t\t\t\t\t\t\t<\/div>\n\t\t<\/section>\n\t\t\t\t\t\t<\/div>\n\t\t\t\t\t<\/div>\n\t\t","protected":false},"excerpt":{"rendered":"<p>S\u01a1 \u0111\u1ed3 trang web\u200b Gi\u1edbi thi\u1ec7u \u0110\u1ed9i ng\u0169 l\u00e3nh\u00a0 H\u1ee3p t\u00e1c v\u1edbi Microsoft D\u1ecbch v\u1ee5Ph\u00e2n h\u1ec7 Yana New Vehicle Yana Used Vehicle Yana After-Sales Service Yana Customer Service Yana Marketing Yana MySales Yana MyVehicle Yana MyInspection Yana Bot &amp; RPA Yana E-Commerce Th\u00e0nh c\u00f4ng c\u1ee7a kh\u00e1ch h\u00e0ng Nghi\u00ean c\u1ee9u \u0111i\u1ec3n h\u00ecnh v\u1ec1 chuy\u00ean ng\u00e0nh \u00f4 [&hellip;]<\/p>\n","protected":false},"author":1,"featured_media":0,"parent":0,"menu_order":0,"comment_status":"closed","ping_status":"closed","template":"","meta":[],"yoast_head":"<!-- This site is optimized with the Yoast SEO plugin v17.7.1 - https:\/\/yoast.com\/wordpress\/plugins\/seo\/ -->\n<title>S\u01a1 \u0111\u1ed3 trang web | Gi\u1ea3i ph\u00e1p cho ng\u00e0nh \u00f4 t\u00f4 Yana | Technosoft Automotive<\/title>\n<meta name=\"description\" content=\"Gi\u1ea3i ph\u00e1p cho ng\u00e0nh \u00f4 t\u00f4 Yana gi\u00fap c\u00e1c doanh nghi\u1ec7p trong ng\u00e0nh c\u00f4ng nghi\u1ec7p \u00f4 t\u00f4 v\u01b0\u1ee3t xa h\u01a1n c\u1ea3 mong \u0111\u1ee3i c\u1ee7a kh\u00e1ch h\u00e0ng, \u0111\u1eb7c bi\u1ec7t l\u00e0 trong giai \u0111o\u1ea1n ph\u1ee5c h\u1ed3i kinh t\u1ebf. H\u00e3y l\u00e0 ng\u01b0\u1eddi ti\u00ean phong v\u00e0 tr\u1edf th\u00e0nh \u0111\u1ea1i l\u00fd ch\u1ee7 \u0111\u1ed9ng nh\u1ea5t ngay h\u00f4m nay! T\u00ecm hi\u1ec3u th\u00eam.\" \/>\n<meta name=\"robots\" content=\"index, follow, max-snippet:-1, max-image-preview:large, max-video-preview:-1\" \/>\n<link rel=\"canonical\" href=\"https:\/\/technosoftautomotive.com\/vi-vn\/sitemap\" \/>\n<meta property=\"og:locale\" content=\"vi_VN\" \/>\n<meta property=\"og:type\" content=\"article\" \/>\n<meta property=\"og:title\" content=\"S\u01a1 \u0111\u1ed3 trang web | Gi\u1ea3i ph\u00e1p cho ng\u00e0nh \u00f4 t\u00f4 Yana | Technosoft Automotive\" \/>\n<meta property=\"og:description\" content=\"Gi\u1ea3i ph\u00e1p cho ng\u00e0nh \u00f4 t\u00f4 Yana gi\u00fap c\u00e1c doanh nghi\u1ec7p trong ng\u00e0nh c\u00f4ng nghi\u1ec7p \u00f4 t\u00f4 v\u01b0\u1ee3t xa h\u01a1n c\u1ea3 mong \u0111\u1ee3i c\u1ee7a kh\u00e1ch h\u00e0ng, \u0111\u1eb7c bi\u1ec7t l\u00e0 trong giai \u0111o\u1ea1n ph\u1ee5c h\u1ed3i kinh t\u1ebf. H\u00e3y l\u00e0 ng\u01b0\u1eddi ti\u00ean phong v\u00e0 tr\u1edf th\u00e0nh \u0111\u1ea1i l\u00fd ch\u1ee7 \u0111\u1ed9ng nh\u1ea5t ngay h\u00f4m nay! T\u00ecm hi\u1ec3u th\u00eam.\" \/>\n<meta property=\"og:url\" content=\"https:\/\/technosoftautomotive.com\/vi-vn\/sitemap\" \/>\n<meta property=\"og:site_name\" content=\"Ngo&agrave;i h\u1ec7 th\u1ed1ng qu\u1ea3n l&yacute; \u0111\u1ea1i l&yacute; | Technosoft Automotive\" \/>\n<meta property=\"article:publisher\" content=\"https:\/\/www.facebook.com\/technosoftdms\" \/>\n<meta property=\"article:modified_time\" content=\"2024-03-12T03:44:48+00:00\" \/>\n<meta name=\"twitter:card\" content=\"summary_large_image\" \/>\n<meta name=\"twitter:title\" content=\"S\u01a1 \u0111\u1ed3 trang web | Gi\u1ea3i ph\u00e1p cho ng\u00e0nh \u00f4 t\u00f4 Yana | Technosoft Automotive\" \/>\n<meta name=\"twitter:description\" content=\"Gi\u1ea3i ph\u00e1p cho ng\u00e0nh \u00f4 t\u00f4 Yana gi\u00fap c\u00e1c doanh nghi\u1ec7p trong ng\u00e0nh c\u00f4ng nghi\u1ec7p \u00f4 t\u00f4 v\u01b0\u1ee3t xa h\u01a1n c\u1ea3 mong \u0111\u1ee3i c\u1ee7a kh\u00e1ch h\u00e0ng, \u0111\u1eb7c bi\u1ec7t l\u00e0 trong giai \u0111o\u1ea1n ph\u1ee5c h\u1ed3i kinh t\u1ebf. H\u00e3y l\u00e0 ng\u01b0\u1eddi ti\u00ean phong v\u00e0 tr\u1edf th\u00e0nh \u0111\u1ea1i l\u00fd ch\u1ee7 \u0111\u1ed9ng nh\u1ea5t ngay h\u00f4m nay! T\u00ecm hi\u1ec3u th\u00eam.\" \/>\n<meta name=\"twitter:label1\" content=\"Est. reading time\" \/>\n\t<meta name=\"twitter:data1\" content=\"1 minute\" \/>\n<script type=\"application\/ld+json\" class=\"yoast-schema-graph\">{\"@context\":\"https:\/\/schema.org\",\"@graph\":[{\"@type\":\"WebSite\",\"@id\":\"https:\/\/technosoftautomotive.com\/vi-vn\/#website\",\"url\":\"https:\/\/technosoftautomotive.com\/vi-vn\/\",\"name\":\"Ngo&agrave;i h\\u1ec7 th\\u1ed1ng qu\\u1ea3n l&yacute; \\u0111\\u1ea1i l&yacute; | Technosoft Automotive\",\"description\":\"Ch&uacute;ng t&ocirc;i \\u0111ang ti\\u1ebfn xa h\\u01a1n c&aacute;c h\\u1ec7 th\\u1ed1ng qu\\u1ea3n l&yacute; \\u0111\\u1ea1i l&yacute; b\\u1eb1ng c&aacute;ch n&acirc;ng cao n\\u0103ng l\\u1ef1c c\\u1ee7a Yana Automotive Solution th&ocirc;ng qua ch&iacute;n m&ocirc;-\\u0111un th&agrave;nh c&ocirc;ng.\",\"potentialAction\":[{\"@type\":\"SearchAction\",\"target\":{\"@type\":\"EntryPoint\",\"urlTemplate\":\"https:\/\/technosoftautomotive.com\/vi-vn\/?s={search_term_string}\"},\"query-input\":\"required name=search_term_string\"}],\"inLanguage\":\"en\"},{\"@type\":\"WebPage\",\"@id\":\"https:\/\/technosoftautomotive.com\/vi-vn\/sitemap\/#webpage\",\"url\":\"https:\/\/technosoftautomotive.com\/vi-vn\/sitemap\/\",\"name\":\"S\\u01a1 \\u0111\\u1ed3 trang web | Gi\\u1ea3i ph\\u00e1p cho ng\\u00e0nh \\u00f4 t\\u00f4 Yana | Technosoft Automotive\",\"isPartOf\":{\"@id\":\"https:\/\/technosoftautomotive.com\/vi-vn\/#website\"},\"datePublished\":\"2021-04-15T03:44:43+00:00\",\"dateModified\":\"2024-03-12T03:44:48+00:00\",\"description\":\"Gi\\u1ea3i ph\\u00e1p cho ng\\u00e0nh \\u00f4 t\\u00f4 Yana gi\\u00fap c\\u00e1c doanh nghi\\u1ec7p trong ng\\u00e0nh c\\u00f4ng nghi\\u1ec7p \\u00f4 t\\u00f4 v\\u01b0\\u1ee3t xa h\\u01a1n c\\u1ea3 mong \\u0111\\u1ee3i c\\u1ee7a kh\\u00e1ch h\\u00e0ng, \\u0111\\u1eb7c bi\\u1ec7t l\\u00e0 trong giai \\u0111o\\u1ea1n ph\\u1ee5c h\\u1ed3i kinh t\\u1ebf. H\\u00e3y l\\u00e0 ng\\u01b0\\u1eddi ti\\u00ean phong v\\u00e0 tr\\u1edf th\\u00e0nh \\u0111\\u1ea1i l\\u00fd ch\\u1ee7 \\u0111\\u1ed9ng nh\\u1ea5t ngay h\\u00f4m nay! T\\u00ecm hi\\u1ec3u th\\u00eam.\",\"breadcrumb\":{\"@id\":\"https:\/\/technosoftautomotive.com\/vi-vn\/sitemap\/#breadcrumb\"},\"inLanguage\":\"en\",\"potentialAction\":[{\"@type\":\"ReadAction\",\"target\":[\"https:\/\/technosoftautomotive.com\/vi-vn\/sitemap\/\"]}]},{\"@type\":\"BreadcrumbList\",\"@id\":\"https:\/\/technosoftautomotive.com\/vi-vn\/sitemap\/#breadcrumb\",\"itemListElement\":[{\"@type\":\"ListItem\",\"position\":1,\"name\":\"Home\",\"item\":\"https:\/\/technosoftautomotive.com\/vi-vn\/\"},{\"@type\":\"ListItem\",\"position\":2,\"name\":\"Sitemap\"}]}]}<\/script>\n<!-- \/ Yoast SEO plugin. -->","yoast_head_json":{"title":"S\u01a1 \u0111\u1ed3 trang web | Gi\u1ea3i ph\u00e1p cho ng\u00e0nh \u00f4 t\u00f4 Yana | Technosoft Automotive","description":"Gi\u1ea3i ph\u00e1p cho ng\u00e0nh \u00f4 t\u00f4 Yana gi\u00fap c\u00e1c doanh nghi\u1ec7p trong ng\u00e0nh c\u00f4ng nghi\u1ec7p \u00f4 t\u00f4 v\u01b0\u1ee3t xa h\u01a1n c\u1ea3 mong \u0111\u1ee3i c\u1ee7a kh\u00e1ch h\u00e0ng, \u0111\u1eb7c bi\u1ec7t l\u00e0 trong giai \u0111o\u1ea1n ph\u1ee5c h\u1ed3i kinh t\u1ebf. H\u00e3y l\u00e0 ng\u01b0\u1eddi ti\u00ean phong v\u00e0 tr\u1edf th\u00e0nh \u0111\u1ea1i l\u00fd ch\u1ee7 \u0111\u1ed9ng nh\u1ea5t ngay h\u00f4m nay! T\u00ecm hi\u1ec3u th\u00eam.","robots":{"index":"index","follow":"follow","max-snippet":"max-snippet:-1","max-image-preview":"max-image-preview:large","max-video-preview":"max-video-preview:-1"},"canonical":"https:\/\/technosoftautomotive.com\/vi-vn\/sitemap","og_locale":"vi_VN","og_type":"article","og_title":"S\u01a1 \u0111\u1ed3 trang web | Gi\u1ea3i ph\u00e1p cho ng\u00e0nh \u00f4 t\u00f4 Yana | Technosoft Automotive","og_description":"Gi\u1ea3i ph\u00e1p cho ng\u00e0nh \u00f4 t\u00f4 Yana gi\u00fap c\u00e1c doanh nghi\u1ec7p trong ng\u00e0nh c\u00f4ng nghi\u1ec7p \u00f4 t\u00f4 v\u01b0\u1ee3t xa h\u01a1n c\u1ea3 mong \u0111\u1ee3i c\u1ee7a kh\u00e1ch h\u00e0ng, \u0111\u1eb7c bi\u1ec7t l\u00e0 trong giai \u0111o\u1ea1n ph\u1ee5c h\u1ed3i kinh t\u1ebf. H\u00e3y l\u00e0 ng\u01b0\u1eddi ti\u00ean phong v\u00e0 tr\u1edf th\u00e0nh \u0111\u1ea1i l\u00fd ch\u1ee7 \u0111\u1ed9ng nh\u1ea5t ngay h\u00f4m nay! T\u00ecm hi\u1ec3u th\u00eam.","og_url":"https:\/\/technosoftautomotive.com\/vi-vn\/sitemap","og_site_name":"Ngo&agrave;i h\u1ec7 th\u1ed1ng qu\u1ea3n l&yacute; \u0111\u1ea1i l&yacute; | Technosoft Automotive","article_publisher":"https:\/\/www.facebook.com\/technosoftdms","article_modified_time":"2024-03-12T03:44:48+00:00","twitter_card":"summary_large_image","twitter_title":"S\u01a1 \u0111\u1ed3 trang web | Gi\u1ea3i ph\u00e1p cho ng\u00e0nh \u00f4 t\u00f4 Yana | Technosoft Automotive","twitter_description":"Gi\u1ea3i ph\u00e1p cho ng\u00e0nh \u00f4 t\u00f4 Yana gi\u00fap c\u00e1c doanh nghi\u1ec7p trong ng\u00e0nh c\u00f4ng nghi\u1ec7p \u00f4 t\u00f4 v\u01b0\u1ee3t xa h\u01a1n c\u1ea3 mong \u0111\u1ee3i c\u1ee7a kh\u00e1ch h\u00e0ng, \u0111\u1eb7c bi\u1ec7t l\u00e0 trong giai \u0111o\u1ea1n ph\u1ee5c h\u1ed3i kinh t\u1ebf. H\u00e3y l\u00e0 ng\u01b0\u1eddi ti\u00ean phong v\u00e0 tr\u1edf th\u00e0nh \u0111\u1ea1i l\u00fd ch\u1ee7 \u0111\u1ed9ng nh\u1ea5t ngay h\u00f4m nay! T\u00ecm hi\u1ec3u th\u00eam.","twitter_misc":{"Est. reading time":"1 minute"},"schema":{"@context":"https:\/\/schema.org","@graph":[{"@type":"WebSite","@id":"https:\/\/technosoftautomotive.com\/vi-vn\/#website","url":"https:\/\/technosoftautomotive.com\/vi-vn\/","name":"Ngo&agrave;i h\u1ec7 th\u1ed1ng qu\u1ea3n l&yacute; \u0111\u1ea1i l&yacute; | Technosoft Automotive","description":"Ch&uacute;ng t&ocirc;i \u0111ang ti\u1ebfn xa h\u01a1n c&aacute;c h\u1ec7 th\u1ed1ng qu\u1ea3n l&yacute; \u0111\u1ea1i l&yacute; b\u1eb1ng c&aacute;ch n&acirc;ng cao n\u0103ng l\u1ef1c c\u1ee7a Yana Automotive Solution th&ocirc;ng qua ch&iacute;n m&ocirc;-\u0111un th&agrave;nh c&ocirc;ng.","potentialAction":[{"@type":"SearchAction","target":{"@type":"EntryPoint","urlTemplate":"https:\/\/technosoftautomotive.com\/vi-vn\/?s={search_term_string}"},"query-input":"required name=search_term_string"}],"inLanguage":"en"},{"@type":"WebPage","@id":"https:\/\/technosoftautomotive.com\/vi-vn\/sitemap\/#webpage","url":"https:\/\/technosoftautomotive.com\/vi-vn\/sitemap\/","name":"S\u01a1 \u0111\u1ed3 trang web | Gi\u1ea3i ph\u00e1p cho ng\u00e0nh \u00f4 t\u00f4 Yana | Technosoft Automotive","isPartOf":{"@id":"https:\/\/technosoftautomotive.com\/vi-vn\/#website"},"datePublished":"2021-04-15T03:44:43+00:00","dateModified":"2024-03-12T03:44:48+00:00","description":"Gi\u1ea3i ph\u00e1p cho ng\u00e0nh \u00f4 t\u00f4 Yana gi\u00fap c\u00e1c doanh nghi\u1ec7p trong ng\u00e0nh c\u00f4ng nghi\u1ec7p \u00f4 t\u00f4 v\u01b0\u1ee3t xa h\u01a1n c\u1ea3 mong \u0111\u1ee3i c\u1ee7a kh\u00e1ch h\u00e0ng, \u0111\u1eb7c bi\u1ec7t l\u00e0 trong giai \u0111o\u1ea1n ph\u1ee5c h\u1ed3i kinh t\u1ebf. H\u00e3y l\u00e0 ng\u01b0\u1eddi ti\u00ean phong v\u00e0 tr\u1edf th\u00e0nh \u0111\u1ea1i l\u00fd ch\u1ee7 \u0111\u1ed9ng nh\u1ea5t ngay h\u00f4m nay! T\u00ecm hi\u1ec3u th\u00eam.","breadcrumb":{"@id":"https:\/\/technosoftautomotive.com\/vi-vn\/sitemap\/#breadcrumb"},"inLanguage":"en","potentialAction":[{"@type":"ReadAction","target":["https:\/\/technosoftautomotive.com\/vi-vn\/sitemap\/"]}]},{"@type":"BreadcrumbList","@id":"https:\/\/technosoftautomotive.com\/vi-vn\/sitemap\/#breadcrumb","itemListElement":[{"@type":"ListItem","position":1,"name":"Home","item":"https:\/\/technosoftautomotive.com\/vi-vn\/"},{"@type":"ListItem","position":2,"name":"Sitemap"}]}]}},"_links":{"self":[{"href":"https:\/\/technosoftautomotive.com\/vi-vn\/wp-json\/wp\/v2\/pages\/11173"}],"collection":[{"href":"https:\/\/technosoftautomotive.com\/vi-vn\/wp-json\/wp\/v2\/pages"}],"about":[{"href":"https:\/\/technosoftautomotive.com\/vi-vn\/wp-json\/wp\/v2\/types\/page"}],"author":[{"embeddable":true,"href":"https:\/\/technosoftautomotive.com\/vi-vn\/wp-json\/wp\/v2\/users\/1"}],"replies":[{"embeddable":true,"href":"https:\/\/technosoftautomotive.com\/vi-vn\/wp-json\/wp\/v2\/comments?post=11173"}],"version-history":[{"count":20,"href":"https:\/\/technosoftautomotive.com\/vi-vn\/wp-json\/wp\/v2\/pages\/11173\/revisions"}],"predecessor-version":[{"id":20964,"href":"https:\/\/technosoftautomotive.com\/vi-vn\/wp-json\/wp\/v2\/pages\/11173\/revisions\/20964"}],"wp:attachment":[{"href":"https:\/\/technosoftautomotive.com\/vi-vn\/wp-json\/wp\/v2\/media?parent=11173"}],"curies":[{"name":"wp","href":"https:\/\/api.w.org\/{rel}","templated":true}]}}