{"id":21043,"date":"2024-10-16T03:00:35","date_gmt":"2024-10-16T03:00:35","guid":{"rendered":"https:\/\/technosoftautomotive.com\/vi-vn\/?page_id=21043"},"modified":"2024-10-23T06:24:02","modified_gmt":"2024-10-23T06:24:02","slug":"blog","status":"publish","type":"page","link":"https:\/\/technosoftautomotive.com\/vi-vn\/blog","title":{"rendered":"Blog"},"content":{"rendered":"\t\t<div data-elementor-type=\"wp-page\" data-elementor-id=\"21043\" class=\"elementor elementor-21043\" data-elementor-settings=\"[]\">\n\t\t\t\t\t\t\t<div class=\"elementor-section-wrap\">\n\t\t\t\t\t\t\t<section class=\"elementor-section elementor-top-section elementor-element elementor-element-9059fee elementor-section-height-min-height elementor-section-boxed elementor-section-height-default elementor-section-items-middle\" data-id=\"9059fee\" data-element_type=\"section\" data-settings=\"{&quot;background_background&quot;:&quot;classic&quot;}\">\n\t\t\t\t\t\t\t<div class=\"elementor-background-overlay\"><\/div>\n\t\t\t\t\t\t\t<div class=\"elementor-container elementor-column-gap-default\">\n\t\t\t\t\t<div class=\"elementor-column elementor-col-100 elementor-top-column elementor-element elementor-element-a0c68f3 hero-cstm\" data-id=\"a0c68f3\" data-element_type=\"column\">\n\t\t\t<div class=\"elementor-widget-wrap elementor-element-populated\">\n\t\t\t\t\t\t\t\t<div class=\"elementor-element elementor-element-5b40545 elementor-widget elementor-widget-heading\" data-id=\"5b40545\" data-element_type=\"widget\" data-widget_type=\"heading.default\">\n\t\t\t\t<div class=\"elementor-widget-container\">\n\t\t\t<h1 class=\"elementor-heading-title elementor-size-default\">Automotive Blog <\/h1>\t\t<\/div>\n\t\t\t\t<\/div>\n\t\t\t\t<div class=\"elementor-element elementor-element-db392fb elementor-widget elementor-widget-heading\" data-id=\"db392fb\" data-element_type=\"widget\" data-widget_type=\"heading.default\">\n\t\t\t\t<div class=\"elementor-widget-container\">\n\t\t\t<h2 class=\"elementor-heading-title elementor-size-default\"><a href=\"https:\/\/flipboard.com\/@TechnosoftDMS\" target=\"_blank\">Keep abreast of the latest news about automotive solutions, Dealer Management System (DMS), Yana Automotive Solution modules, and company events. <\/a><\/h2>\t\t<\/div>\n\t\t\t\t<\/div>\n\t\t\t\t\t<\/div>\n\t\t<\/div>\n\t\t\t\t\t\t\t<\/div>\n\t\t<\/section>\n\t\t\t\t<section class=\"elementor-section elementor-top-section elementor-element elementor-element-11b6416 elementor-section-boxed elementor-section-height-default elementor-section-height-default\" data-id=\"11b6416\" data-element_type=\"section\">\n\t\t\t\t\t\t<div class=\"elementor-container elementor-column-gap-default\">\n\t\t\t\t\t<div class=\"elementor-column elementor-col-100 elementor-top-column elementor-element elementor-element-75f4ea8\" data-id=\"75f4ea8\" data-element_type=\"column\">\n\t\t\t<div class=\"elementor-widget-wrap elementor-element-populated\">\n\t\t\t\t\t\t\t\t<div class=\"elementor-element elementor-element-b8e59f7 breadcrumbs-cstm-2 elementor-widget elementor-widget-text-editor\" data-id=\"b8e59f7\" data-element_type=\"widget\" data-widget_type=\"text-editor.default\">\n\t\t\t\t<div class=\"elementor-widget-container\">\n\t\t\t\t\t\t\t<ul class=\"pp-breadcrumbs pp-breadcrumbs-powerpack\">\n \t<li class=\"pp-breadcrumbs-item pp-breadcrumbs-item-home\"><a class=\"pp-breadcrumbs-crumb pp-breadcrumbs-crumb-link pp-breadcrumbs-crumb-home\" title=\"Trang ch\u1ee7\" href=\"https:\/\/technosoftautomotive.com\/vi-vn\">\n<span class=\"pp-breadcrumbs-text\">\nTrang ch\u1ee7<\/span><\/a><\/li>\n \t<li class=\"pp-breadcrumbs-separator\"><span class=\"pp-breadcrumbs-separator-text\">&gt;<\/span><\/li>\n \t<li class=\"pp-breadcrumbs-item pp-breadcrumbs-item-cat pp-breadcrumbs-item-custom-post-type-modul\" title=\"blog \u00f4 t\u00f4\">blog \u00f4 t\u00f4<\/li>\n<\/ul>\t\t\t\t\t\t<\/div>\n\t\t\t\t<\/div>\n\t\t\t\t\t<\/div>\n\t\t<\/div>\n\t\t\t\t\t\t\t<\/div>\n\t\t<\/section>\n\t\t\t\t<section class=\"elementor-section elementor-top-section elementor-element elementor-element-f05e3e5 elementor-section-boxed elementor-section-height-default elementor-section-height-default\" data-id=\"f05e3e5\" data-element_type=\"section\">\n\t\t\t\t\t\t<div class=\"elementor-container elementor-column-gap-default\">\n\t\t\t\t\t<div class=\"elementor-column elementor-col-33 elementor-top-column elementor-element elementor-element-ef31a63\" data-id=\"ef31a63\" data-element_type=\"column\">\n\t\t\t<div class=\"elementor-widget-wrap elementor-element-populated\">\n\t\t\t\t\t\t\t\t<div class=\"elementor-element elementor-element-98d6352 elementor-nav-menu--dropdown-none elementor-nav-menu__align-left elementor-widget elementor-widget-nav-menu\" data-id=\"98d6352\" data-element_type=\"widget\" data-settings=\"{&quot;submenu_icon&quot;:{&quot;value&quot;:&quot;&lt;i class=\\&quot;fas fa-chevron-down\\&quot;&gt;&lt;\\\/i&gt;&quot;,&quot;library&quot;:&quot;fa-solid&quot;},&quot;layout&quot;:&quot;horizontal&quot;}\" data-widget_type=\"nav-menu.default\">\n\t\t\t\t<div class=\"elementor-widget-container\">\n\t\t\t\t\t\t<nav migration_allowed=\"1\" migrated=\"0\" role=\"navigation\" class=\"elementor-nav-menu--main elementor-nav-menu__container elementor-nav-menu--layout-horizontal e--pointer-underline e--animation-fade\">\n\t\t\t\t<ul id=\"menu-1-98d6352\" class=\"elementor-nav-menu\"><li class=\"menu-item menu-item-type-custom menu-item-object-custom menu-item-4722\"><a href=\"#\" class=\"elementor-item elementor-item-anchor\">T\u1ea5t c\u1ea3<\/a><\/li>\n<li class=\"menu-item menu-item-type-taxonomy menu-item-object-category menu-item-21085\"><a href=\"https:\/\/technosoftautomotive.com\/vi-vn\/category\/articles\/\" class=\"elementor-item\">B\u00e0i vi\u1ebft<\/a><\/li>\n<li class=\"menu-item menu-item-type-taxonomy menu-item-object-category menu-item-21086\"><a href=\"https:\/\/technosoftautomotive.com\/vi-vn\/category\/events\/\" class=\"elementor-item\">S\u1ef1 ki\u1ec7n<\/a><\/li>\n<\/ul>\t\t\t<\/nav>\n\t\t\t\t\t<div class=\"elementor-menu-toggle\" role=\"button\" tabindex=\"0\" aria-label=\"Menu Toggle\" aria-expanded=\"false\">\n\t\t\t<i aria-hidden=\"true\" role=\"presentation\" class=\"elementor-menu-toggle__icon--open eicon-menu-bar\"><\/i><i aria-hidden=\"true\" role=\"presentation\" class=\"elementor-menu-toggle__icon--close eicon-close\"><\/i>\t\t\t<span class=\"elementor-screen-only\">Menu<\/span>\n\t\t<\/div>\n\t\t\t<nav class=\"elementor-nav-menu--dropdown elementor-nav-menu__container\" role=\"navigation\" aria-hidden=\"true\">\n\t\t\t\t<ul id=\"menu-2-98d6352\" class=\"elementor-nav-menu\"><li class=\"menu-item menu-item-type-custom menu-item-object-custom menu-item-4722\"><a href=\"#\" class=\"elementor-item elementor-item-anchor\" tabindex=\"-1\">T\u1ea5t c\u1ea3<\/a><\/li>\n<li class=\"menu-item menu-item-type-taxonomy menu-item-object-category menu-item-21085\"><a href=\"https:\/\/technosoftautomotive.com\/vi-vn\/category\/articles\/\" class=\"elementor-item\" tabindex=\"-1\">B\u00e0i vi\u1ebft<\/a><\/li>\n<li class=\"menu-item menu-item-type-taxonomy menu-item-object-category menu-item-21086\"><a href=\"https:\/\/technosoftautomotive.com\/vi-vn\/category\/events\/\" class=\"elementor-item\" tabindex=\"-1\">S\u1ef1 ki\u1ec7n<\/a><\/li>\n<\/ul>\t\t\t<\/nav>\n\t\t\t\t<\/div>\n\t\t\t\t<\/div>\n\t\t\t\t<div class=\"elementor-element elementor-element-c971d42 elementor-widget elementor-widget-heading\" data-id=\"c971d42\" data-element_type=\"widget\" data-widget_type=\"heading.default\">\n\t\t\t\t<div class=\"elementor-widget-container\">\n\t\t\t<h2 class=\"elementor-heading-title elementor-size-default\"><a href=\"https:\/\/www.linkedin.com\/company\/technosoft-automotive\/\" target=\"_blank\">B\u1eaft \u0111\u1ea7u theo d\u00f5i blog ng\u00e0nh \u00f4 t\u00f4 c\u1ee7a ch\u00fang t\u00f4i \u0111\u1ec3 kh\u00e1m ph\u00e1 nh\u1eefng th\u00f4ng tin m\u1edbi nh\u1ea5t v\u1ec1 h\u1ec7 th\u1ed1ng qu\u1ea3n l\u00fd c\u00e1c \u0111\u1ea1i l\u00fd xe (DMS) v\u00e0 modules c\u1ee7a gi\u1ea3i ph\u00e1p Yana Automotive.\n <\/a><\/h2>\t\t<\/div>\n\t\t\t\t<\/div>\n\t\t\t\t<div class=\"elementor-element elementor-element-4c12e8a elementor-grid-2 elementor-grid-tablet-2 elementor-grid-mobile-1 elementor-posts--thumbnail-top elementor-widget elementor-widget-posts\" data-id=\"4c12e8a\" data-element_type=\"widget\" data-settings=\"{&quot;classic_columns&quot;:&quot;2&quot;,&quot;pagination_type&quot;:&quot;numbers_and_prev_next&quot;,&quot;classic_columns_tablet&quot;:&quot;2&quot;,&quot;classic_columns_mobile&quot;:&quot;1&quot;,&quot;classic_row_gap&quot;:{&quot;unit&quot;:&quot;px&quot;,&quot;size&quot;:35,&quot;sizes&quot;:[]},&quot;classic_row_gap_tablet&quot;:{&quot;unit&quot;:&quot;px&quot;,&quot;size&quot;:&quot;&quot;,&quot;sizes&quot;:[]},&quot;classic_row_gap_mobile&quot;:{&quot;unit&quot;:&quot;px&quot;,&quot;size&quot;:&quot;&quot;,&quot;sizes&quot;:[]}}\" data-widget_type=\"posts.classic\">\n\t\t\t\t<div class=\"elementor-widget-container\">\n\t\t\t\t\t<div class=\"elementor-posts-container elementor-posts elementor-posts--skin-classic elementor-grid\">\n\t\t\t\t<article class=\"elementor-post elementor-grid-item post-21064 post type-post status-publish format-standard has-post-thumbnail hentry category-events tag-automotive-retail tag-digital-transformation tag-global-event tag-microsoft-copilot tag-press-release tag-yana-7-0\">\n\t\t\t\t<a class=\"elementor-post__thumbnail__link\" href=\"https:\/\/technosoftautomotive.com\/vi-vn\/technosoft-automotive-days-2024-su-kien-khong-the-bo-lo-cho-hoat-dong-chuyen-doi-so-trong-nganh-ban-le-oto\" >\n\t\t\t<div class=\"elementor-post__thumbnail\"><img width=\"300\" height=\"200\" src=\"https:\/\/technosoftautomotive.com\/vi-vn\/wp-content\/uploads\/2024\/10\/TSAD-PR-vn-300x200.png\" class=\"attachment-medium size-medium not-transparent\" alt=\"\" loading=\"lazy\" data-has-transparency=\"false\" data-dominant-color=\"dddddd\" \/><\/div>\n\t\t<\/a>\n\t\t\t\t<div class=\"elementor-post__text\">\n\t\t\t\t<h2 class=\"elementor-post__title\">\n\t\t\t<a href=\"https:\/\/technosoftautomotive.com\/vi-vn\/technosoft-automotive-days-2024-su-kien-khong-the-bo-lo-cho-hoat-dong-chuyen-doi-so-trong-nganh-ban-le-oto\" >\n\t\t\t\tth\u00f4ng c\u00e1o b\u00e1o ch\u00ed: Technosoft Automotive Days 2024 &#8211; S\u1ef1 ki\u1ec7n kh\u00f4ng th\u1ec3 b\u1ecf l\u1ee1 cho ho\u1ea1t \u0111\u1ed9ng chuy\u1ec3n \u0111\u1ed5i s\u1ed1 trong ng\u00e0nh b\u00e1n l\u1ebb \u00f4t\u00f4\t\t\t<\/a>\n\t\t<\/h2>\n\t\t\t\t<div class=\"elementor-post__meta-data\">\n\t\t\t\t\t<span class=\"elementor-post-date\">\n\t\t\tOctober 16, 2024\t\t<\/span>\n\t\t\t\t<\/div>\n\t\t\t\t<div class=\"elementor-post__excerpt\">\n\t\t\t<p>Technosoft SEA Pte. Ltd. 2024-10-16 10:00 &nbsp; SINGAPORE, 16\/10\/2024 \/th\u00f4ng c\u00e1o b\u00e1o ch\u00ed\/ &#8212; Technosoft<\/p>\n\t\t<\/div>\n\t\t\t\t\t<a class=\"elementor-post__read-more\" href=\"https:\/\/technosoftautomotive.com\/vi-vn\/technosoft-automotive-days-2024-su-kien-khong-the-bo-lo-cho-hoat-dong-chuyen-doi-so-trong-nganh-ban-le-oto\" >\n\t\t\t\tRead More \u00bb\t\t\t<\/a>\n\t\t\t\t<\/div>\n\t\t\t\t<\/article>\n\t\t\t\t<\/div>\n\n\n\t\t\n\t\t\t\t<\/div>\n\t\t\t\t<\/div>\n\t\t\t\t\t<\/div>\n\t\t<\/div>\n\t\t\t\t<div class=\"elementor-column elementor-col-33 elementor-top-column elementor-element elementor-element-16be23f\" data-id=\"16be23f\" data-element_type=\"column\">\n\t\t\t<div class=\"elementor-widget-wrap\">\n\t\t\t\t\t\t\t\t\t<\/div>\n\t\t<\/div>\n\t\t\t\t<div class=\"elementor-column elementor-col-33 elementor-top-column elementor-element elementor-element-1bb6d03\" data-id=\"1bb6d03\" data-element_type=\"column\">\n\t\t\t<div class=\"elementor-widget-wrap elementor-element-populated\">\n\t\t\t\t\t\t\t\t<div class=\"elementor-element elementor-element-d12fe46 elementor-widget elementor-widget-text-editor\" data-id=\"d12fe46\" data-element_type=\"widget\" data-settings=\"{&quot;sticky&quot;:&quot;top&quot;,&quot;sticky_offset&quot;:90,&quot;sticky_parent&quot;:&quot;yes&quot;,&quot;sticky_on&quot;:[&quot;desktop&quot;,&quot;tablet&quot;,&quot;mobile&quot;],&quot;sticky_effects_offset&quot;:0}\" data-widget_type=\"text-editor.default\">\n\t\t\t\t<div class=\"elementor-widget-container\">\n\t\t\t\t\t\t\t<div class=\"elementor-element elementor-element-3e62c9f elementor-widget-mobile__width-inherit elementor-widget elementor-widget-heading\" data-id=\"3e62c9f\" data-element_type=\"widget\" data-widget_type=\"heading.default\"><div class=\"elementor-widget-container\"><p class=\"elementor-heading-title elementor-size-default\">H\u00e3y tr\u00f2 chuy\u1ec7n c\u00f9ng c\u00e1c chuy\u00ean gia trong ng\u00e0nh \u00f4 t\u00f4 c\u1ee7a ch\u00fang t\u00f4i ngay h\u00f4m nay<\/p><\/div><\/div><div role=\"form\" class=\"wpcf7\" id=\"wpcf7-f7108-o1\" lang=\"en-US\" dir=\"ltr\">\n<div class=\"screen-reader-response\"><p role=\"status\" aria-live=\"polite\" aria-atomic=\"true\"><\/p> <ul><\/ul><\/div>\n<form action=\"\/vi-vn\/wp-json\/wp\/v2\/pages\/21043#wpcf7-f7108-o1\" method=\"post\" class=\"wpcf7-form init\" novalidate=\"novalidate\" data-status=\"init\">\n<div style=\"display: none;\">\n<input type=\"hidden\" name=\"_wpcf7\" value=\"7108\" \/>\n<input type=\"hidden\" name=\"_wpcf7_version\" value=\"5.5.3\" \/>\n<input type=\"hidden\" name=\"_wpcf7_locale\" value=\"en_US\" \/>\n<input type=\"hidden\" name=\"_wpcf7_unit_tag\" value=\"wpcf7-f7108-o1\" \/>\n<input type=\"hidden\" name=\"_wpcf7_container_post\" value=\"0\" \/>\n<input type=\"hidden\" name=\"_wpcf7_posted_data_hash\" value=\"\" \/>\n<input type=\"hidden\" name=\"_wpcf7cf_hidden_group_fields\" value=\"\" \/>\n<input type=\"hidden\" name=\"_wpcf7cf_hidden_groups\" value=\"\" \/>\n<input type=\"hidden\" name=\"_wpcf7cf_visible_groups\" value=\"\" \/>\n<input type=\"hidden\" name=\"_wpcf7cf_repeaters\" value=\"[]\" \/>\n<input type=\"hidden\" name=\"_wpcf7cf_steps\" value=\"{}\" \/>\n<input type=\"hidden\" name=\"_wpcf7cf_options\" value=\"{&quot;form_id&quot;:7108,&quot;conditions&quot;:[],&quot;settings&quot;:{&quot;animation&quot;:&quot;yes&quot;,&quot;animation_intime&quot;:200,&quot;animation_outtime&quot;:200,&quot;conditions_ui&quot;:&quot;normal&quot;,&quot;notice_dismissed&quot;:false}}\" \/>\n<\/div>\n<p><span class=\"wpcf7-form-control-wrap your-name\"><input type=\"text\" name=\"your-name\" value=\"\" size=\"40\" class=\"wpcf7-form-control wpcf7-text wpcf7-validates-as-required your-name-sp\" aria-required=\"true\" aria-invalid=\"false\" placeholder=\"T\u00ean*\" \/><\/span><\/p>\n<p><span class=\"wpcf7-form-control-wrap company-name\"><input type=\"text\" name=\"company-name\" value=\"\" size=\"40\" class=\"wpcf7-form-control wpcf7-text wpcf7-validates-as-required company-name-sp\" aria-required=\"true\" aria-invalid=\"false\" placeholder=\"T\u00ean c\u00f4ng ty*\" \/><\/span><\/p>\n<p><span class=\"wpcf7-form-control-wrap your-email\"><input type=\"email\" name=\"your-email\" value=\"\" size=\"40\" class=\"wpcf7-form-control wpcf7-text wpcf7-email wpcf7-validates-as-required wpcf7-validates-as-email your-email-sp\" aria-required=\"true\" aria-invalid=\"false\" placeholder=\"\u0110\u1ecba ch\u1ec9 email doanh nghi\u1ec7p*\" \/><\/span><\/p>\n<p><span class=\"wpcf7-form-control-wrap country\"><input type=\"text\" name=\"country\" value=\"\" size=\"40\" class=\"wpcf7-form-control wpcf7-text wpcf7-validates-as-required your-cntry-sp\" aria-required=\"true\" aria-invalid=\"false\" placeholder=\"Qu\u1ed1c gia*\" \/><\/span><\/p>\n<p><span class=\"wpcf7-form-control-wrap PhoneNumber\"><input type=\"tel\" name=\"PhoneNumber\" value=\"\" size=\"40\" class=\"wpcf7-form-control wpcf7-text wpcf7-tel wpcf7-validates-as-required wpcf7-validates-as-tel your-ph-sp\" aria-required=\"true\" aria-invalid=\"false\" placeholder=\"S\u1ed1 \u0111i\u1ec7n tho\u1ea1i*\" \/><\/span><\/p>\n<p><label class=\"text-black\">L\u00e0m sao b\u1ea1n bi\u1ebft \u0111\u1ebfn ch\u00fang t\u00f4i? *<\/label><br \/>\n<span class=\"wpcf7-form-control-wrap Howdoyouknowus\"><select name=\"Howdoyouknowus\" class=\"wpcf7-form-control wpcf7-select wpcf7-validates-as-required your-ph-au\" aria-required=\"true\" aria-invalid=\"false\"><option value=\"\">&#8212;<\/option><option value=\"Google\">Google<\/option><option value=\"LinkedIn\">LinkedIn<\/option><option value=\"Facebook\">Facebook<\/option><option value=\"Our Blog\">Our Blog<\/option><option value=\"Microsoft\">Microsoft<\/option><option value=\"Other Partners\">Other Partners<\/option><option value=\"Technosoft Existing Customer\">Technosoft Existing Customer<\/option><\/select><\/span><\/p>\n<div class=\"acpt\">\n<span class=\"wpcf7-form-control-wrap accept-terms-and-privacy\"><span class=\"wpcf7-form-control wpcf7-acceptance\"><span class=\"wpcf7-list-item\"><input type=\"checkbox\" name=\"accept-terms-and-privacy\" value=\"1\" aria-invalid=\"false\" class=\"acpt-2\" \/><\/span><\/span><\/span><label class=\"text-black\">B\u1eb1ng vi\u1ec7c ho\u00e0n th\u00e0nh bi\u1ec3u m\u1eabu n\u00e0y, t\u00f4i \u0111\u1ed3ng \u00fd x\u1eed l\u00fd d\u1eef li\u1ec7u c\u1ee7a m\u00ecnh theo \u0110i\u1ec1u kho\u1ea3n v\u00e0 Quy\u1ec1n ri\u00eang t\u01b0<\/label>\n<\/div>\n<div class=\"captcha-white\" style=\"margin-top: 5px;margin-bottom: 20px;\"><span class=\"span-white\" style=\"color: #333;margin-left: 18px;font-size: 14px;\">Nh\u1eadp m\u00e3 n\u00e0y:<\/span> <input type=\"hidden\" name=\"_wpcf7_captcha_challenge_captcha-2\" value=\"2487392376\" \/><img loading=\"lazy\" class=\"wpcf7-form-control wpcf7-captchac wpcf7-captcha-captcha-2\" width=\"72\" height=\"24\" alt=\"captcha\" src=\"https:\/\/technosoftautomotive.com\/vi-vn\/wp-content\/uploads\/wpcf7_captcha\/2487392376.png\" \/> <span class=\"wpcf7-form-control-wrap captcha-2\"><input type=\"text\" name=\"captcha-2\" value=\"\" size=\"40\" class=\"wpcf7-form-control wpcf7-captchar\" autocomplete=\"off\" aria-invalid=\"false\" \/><\/span><\/div>\n<p><input type=\"submit\" value=\"G\u1eedi\" class=\"wpcf7-form-control has-spinner wpcf7-submit\" \/><\/p>\n<p style=\"display: none !important;\"><label>&#916;<textarea name=\"_wpcf7_ak_hp_textarea\" cols=\"45\" rows=\"8\" maxlength=\"100\"><\/textarea><\/label><input type=\"hidden\" id=\"ak_js\" name=\"_wpcf7_ak_js\" value=\"122\"\/><script>document.getElementById( \"ak_js\" ).setAttribute( \"value\", ( new Date() ).getTime() );<\/script><\/p><div class=\"wpcf7-response-output\" aria-hidden=\"true\"><\/div><\/form><\/div>\t\t\t\t\t\t<\/div>\n\t\t\t\t<\/div>\n\t\t\t\t\t<\/div>\n\t\t<\/div>\n\t\t\t\t\t\t\t<\/div>\n\t\t<\/section>\n\t\t\t\t\t\t<\/div>\n\t\t\t\t\t<\/div>\n\t\t","protected":false},"excerpt":{"rendered":"<p>Automotive Blog Keep abreast of the latest news about automotive solutions, Dealer Management System (DMS), Yana Automotive Solution modules, and company events. Trang ch\u1ee7 &gt; blog \u00f4 t\u00f4 B\u1eaft \u0111\u1ea7u theo d\u00f5i blog ng\u00e0nh \u00f4 t\u00f4 c\u1ee7a ch\u00fang t\u00f4i \u0111\u1ec3 kh\u00e1m ph\u00e1 nh\u1eefng th\u00f4ng tin m\u1edbi nh\u1ea5t v\u1ec1 h\u1ec7 th\u1ed1ng qu\u1ea3n l\u00fd c\u00e1c \u0111\u1ea1i l\u00fd [&hellip;]<\/p>\n","protected":false},"author":1,"featured_media":0,"parent":0,"menu_order":0,"comment_status":"closed","ping_status":"closed","template":"","meta":[],"yoast_head":"<!-- This site is optimized with the Yoast SEO plugin v17.7.1 - https:\/\/yoast.com\/wordpress\/plugins\/seo\/ -->\n<title>Blog - Ngo&agrave;i h\u1ec7 th\u1ed1ng qu\u1ea3n l&yacute; \u0111\u1ea1i l&yacute; | Technosoft Automotive<\/title>\n<meta name=\"robots\" content=\"index, follow, max-snippet:-1, max-image-preview:large, max-video-preview:-1\" \/>\n<link rel=\"canonical\" href=\"https:\/\/technosoftautomotive.com\/vi-vn\/blog\" \/>\n<meta property=\"og:locale\" content=\"vi_VN\" \/>\n<meta property=\"og:type\" content=\"article\" \/>\n<meta property=\"og:title\" content=\"Blog - Ngo&agrave;i h\u1ec7 th\u1ed1ng qu\u1ea3n l&yacute; \u0111\u1ea1i l&yacute; | Technosoft Automotive\" \/>\n<meta property=\"og:description\" content=\"Automotive Blog Keep abreast of the latest news about automotive solutions, Dealer Management System (DMS), Yana Automotive Solution modules, and company events. Trang ch\u1ee7 &gt; blog \u00f4 t\u00f4 B\u1eaft \u0111\u1ea7u theo d\u00f5i blog ng\u00e0nh \u00f4 t\u00f4 c\u1ee7a ch\u00fang t\u00f4i \u0111\u1ec3 kh\u00e1m ph\u00e1 nh\u1eefng th\u00f4ng tin m\u1edbi nh\u1ea5t v\u1ec1 h\u1ec7 th\u1ed1ng qu\u1ea3n l\u00fd c\u00e1c \u0111\u1ea1i l\u00fd [&hellip;]\" \/>\n<meta property=\"og:url\" content=\"https:\/\/technosoftautomotive.com\/vi-vn\/blog\" \/>\n<meta property=\"og:site_name\" content=\"Ngo&agrave;i h\u1ec7 th\u1ed1ng qu\u1ea3n l&yacute; \u0111\u1ea1i l&yacute; | Technosoft Automotive\" \/>\n<meta property=\"article:publisher\" content=\"https:\/\/www.facebook.com\/technosoftdms\" \/>\n<meta property=\"article:modified_time\" content=\"2024-10-23T06:24:02+00:00\" \/>\n<meta name=\"twitter:card\" content=\"summary_large_image\" \/>\n<meta name=\"twitter:label1\" content=\"Est. reading time\" \/>\n\t<meta name=\"twitter:data1\" content=\"2 minutes\" \/>\n<script type=\"application\/ld+json\" class=\"yoast-schema-graph\">{\"@context\":\"https:\/\/schema.org\",\"@graph\":[{\"@type\":\"WebSite\",\"@id\":\"https:\/\/technosoftautomotive.com\/vi-vn\/#website\",\"url\":\"https:\/\/technosoftautomotive.com\/vi-vn\/\",\"name\":\"Ngo&agrave;i h\\u1ec7 th\\u1ed1ng qu\\u1ea3n l&yacute; \\u0111\\u1ea1i l&yacute; | Technosoft Automotive\",\"description\":\"Ch&uacute;ng t&ocirc;i \\u0111ang ti\\u1ebfn xa h\\u01a1n c&aacute;c h\\u1ec7 th\\u1ed1ng qu\\u1ea3n l&yacute; \\u0111\\u1ea1i l&yacute; b\\u1eb1ng c&aacute;ch n&acirc;ng cao n\\u0103ng l\\u1ef1c c\\u1ee7a Yana Automotive Solution th&ocirc;ng qua ch&iacute;n m&ocirc;-\\u0111un th&agrave;nh c&ocirc;ng.\",\"potentialAction\":[{\"@type\":\"SearchAction\",\"target\":{\"@type\":\"EntryPoint\",\"urlTemplate\":\"https:\/\/technosoftautomotive.com\/vi-vn\/?s={search_term_string}\"},\"query-input\":\"required name=search_term_string\"}],\"inLanguage\":\"en\"},{\"@type\":\"WebPage\",\"@id\":\"https:\/\/technosoftautomotive.com\/vi-vn\/blog\/#webpage\",\"url\":\"https:\/\/technosoftautomotive.com\/vi-vn\/blog\/\",\"name\":\"Blog - Ngo&agrave;i h\\u1ec7 th\\u1ed1ng qu\\u1ea3n l&yacute; \\u0111\\u1ea1i l&yacute; | Technosoft Automotive\",\"isPartOf\":{\"@id\":\"https:\/\/technosoftautomotive.com\/vi-vn\/#website\"},\"datePublished\":\"2024-10-16T03:00:35+00:00\",\"dateModified\":\"2024-10-23T06:24:02+00:00\",\"breadcrumb\":{\"@id\":\"https:\/\/technosoftautomotive.com\/vi-vn\/blog\/#breadcrumb\"},\"inLanguage\":\"en\",\"potentialAction\":[{\"@type\":\"ReadAction\",\"target\":[\"https:\/\/technosoftautomotive.com\/vi-vn\/blog\/\"]}]},{\"@type\":\"BreadcrumbList\",\"@id\":\"https:\/\/technosoftautomotive.com\/vi-vn\/blog\/#breadcrumb\",\"itemListElement\":[{\"@type\":\"ListItem\",\"position\":1,\"name\":\"Home\",\"item\":\"https:\/\/technosoftautomotive.com\/vi-vn\/\"},{\"@type\":\"ListItem\",\"position\":2,\"name\":\"Blog\"}]}]}<\/script>\n<!-- \/ Yoast SEO plugin. -->","yoast_head_json":{"title":"Blog - Ngo&agrave;i h\u1ec7 th\u1ed1ng qu\u1ea3n l&yacute; \u0111\u1ea1i l&yacute; | Technosoft Automotive","robots":{"index":"index","follow":"follow","max-snippet":"max-snippet:-1","max-image-preview":"max-image-preview:large","max-video-preview":"max-video-preview:-1"},"canonical":"https:\/\/technosoftautomotive.com\/vi-vn\/blog","og_locale":"vi_VN","og_type":"article","og_title":"Blog - Ngo&agrave;i h\u1ec7 th\u1ed1ng qu\u1ea3n l&yacute; \u0111\u1ea1i l&yacute; | Technosoft Automotive","og_description":"Automotive Blog Keep abreast of the latest news about automotive solutions, Dealer Management System (DMS), Yana Automotive Solution modules, and company events. Trang ch\u1ee7 &gt; blog \u00f4 t\u00f4 B\u1eaft \u0111\u1ea7u theo d\u00f5i blog ng\u00e0nh \u00f4 t\u00f4 c\u1ee7a ch\u00fang t\u00f4i \u0111\u1ec3 kh\u00e1m ph\u00e1 nh\u1eefng th\u00f4ng tin m\u1edbi nh\u1ea5t v\u1ec1 h\u1ec7 th\u1ed1ng qu\u1ea3n l\u00fd c\u00e1c \u0111\u1ea1i l\u00fd [&hellip;]","og_url":"https:\/\/technosoftautomotive.com\/vi-vn\/blog","og_site_name":"Ngo&agrave;i h\u1ec7 th\u1ed1ng qu\u1ea3n l&yacute; \u0111\u1ea1i l&yacute; | Technosoft Automotive","article_publisher":"https:\/\/www.facebook.com\/technosoftdms","article_modified_time":"2024-10-23T06:24:02+00:00","twitter_card":"summary_large_image","twitter_misc":{"Est. reading time":"2 minutes"},"schema":{"@context":"https:\/\/schema.org","@graph":[{"@type":"WebSite","@id":"https:\/\/technosoftautomotive.com\/vi-vn\/#website","url":"https:\/\/technosoftautomotive.com\/vi-vn\/","name":"Ngo&agrave;i h\u1ec7 th\u1ed1ng qu\u1ea3n l&yacute; \u0111\u1ea1i l&yacute; | Technosoft Automotive","description":"Ch&uacute;ng t&ocirc;i \u0111ang ti\u1ebfn xa h\u01a1n c&aacute;c h\u1ec7 th\u1ed1ng qu\u1ea3n l&yacute; \u0111\u1ea1i l&yacute; b\u1eb1ng c&aacute;ch n&acirc;ng cao n\u0103ng l\u1ef1c c\u1ee7a Yana Automotive Solution th&ocirc;ng qua ch&iacute;n m&ocirc;-\u0111un th&agrave;nh c&ocirc;ng.","potentialAction":[{"@type":"SearchAction","target":{"@type":"EntryPoint","urlTemplate":"https:\/\/technosoftautomotive.com\/vi-vn\/?s={search_term_string}"},"query-input":"required name=search_term_string"}],"inLanguage":"en"},{"@type":"WebPage","@id":"https:\/\/technosoftautomotive.com\/vi-vn\/blog\/#webpage","url":"https:\/\/technosoftautomotive.com\/vi-vn\/blog\/","name":"Blog - Ngo&agrave;i h\u1ec7 th\u1ed1ng qu\u1ea3n l&yacute; \u0111\u1ea1i l&yacute; | Technosoft Automotive","isPartOf":{"@id":"https:\/\/technosoftautomotive.com\/vi-vn\/#website"},"datePublished":"2024-10-16T03:00:35+00:00","dateModified":"2024-10-23T06:24:02+00:00","breadcrumb":{"@id":"https:\/\/technosoftautomotive.com\/vi-vn\/blog\/#breadcrumb"},"inLanguage":"en","potentialAction":[{"@type":"ReadAction","target":["https:\/\/technosoftautomotive.com\/vi-vn\/blog\/"]}]},{"@type":"BreadcrumbList","@id":"https:\/\/technosoftautomotive.com\/vi-vn\/blog\/#breadcrumb","itemListElement":[{"@type":"ListItem","position":1,"name":"Home","item":"https:\/\/technosoftautomotive.com\/vi-vn\/"},{"@type":"ListItem","position":2,"name":"Blog"}]}]}},"_links":{"self":[{"href":"https:\/\/technosoftautomotive.com\/vi-vn\/wp-json\/wp\/v2\/pages\/21043"}],"collection":[{"href":"https:\/\/technosoftautomotive.com\/vi-vn\/wp-json\/wp\/v2\/pages"}],"about":[{"href":"https:\/\/technosoftautomotive.com\/vi-vn\/wp-json\/wp\/v2\/types\/page"}],"author":[{"embeddable":true,"href":"https:\/\/technosoftautomotive.com\/vi-vn\/wp-json\/wp\/v2\/users\/1"}],"replies":[{"embeddable":true,"href":"https:\/\/technosoftautomotive.com\/vi-vn\/wp-json\/wp\/v2\/comments?post=21043"}],"version-history":[{"count":16,"href":"https:\/\/technosoftautomotive.com\/vi-vn\/wp-json\/wp\/v2\/pages\/21043\/revisions"}],"predecessor-version":[{"id":21107,"href":"https:\/\/technosoftautomotive.com\/vi-vn\/wp-json\/wp\/v2\/pages\/21043\/revisions\/21107"}],"wp:attachment":[{"href":"https:\/\/technosoftautomotive.com\/vi-vn\/wp-json\/wp\/v2\/media?parent=21043"}],"curies":[{"name":"wp","href":"https:\/\/api.w.org\/{rel}","templated":true}]}}